{"id":1568,"date":"2017-06-10T01:15:23","date_gmt":"2017-06-09T22:15:23","guid":{"rendered":"http:\/\/magmatherm.com\/?page_id=1568\/"},"modified":"2022-04-08T14:48:44","modified_gmt":"2022-04-08T11:48:44","slug":"home-page","status":"publish","type":"page","link":"https:\/\/magmatherm.com\/en\/","title":{"rendered":"Home Page"},"content":{"rendered":"<p>[vc_row row_type=&#8221;row_fullwidth_content&#8221; bg_color=&#8221;#333333&#8243; row_text_color=&#8221;row_text_light&#8221; margin_top=&#8221;-40&#8243; padding_top=&#8221;0&#8243; padding_bottom=&#8221;0&#8243; class=&#8221;fit-screen&#8221;][vc_column][rev_slider_vc alias=&#8221;slider-en&#8221;][\/vc_column][\/vc_row][vc_row row_type=&#8221;row_full_center_content&#8221; bg_color=&#8221;#fab702&#8243; padding_top=&#8221;20&#8243; padding_bottom=&#8221;20&#8243;][vc_column width=&#8221;3\/4&#8243; el_class=&#8221;mobile-center&#8221;][vc_column_text]<\/p>\n<h3><span style=\"color: #ffffff; display: block; margin-top: 2px;\">For more detailed information about our products&#8230;<\/span><\/h3>\n<p>[\/vc_column_text][\/vc_column][vc_column width=&#8221;1\/4&#8243; el_class=&#8221;mobile-center&#8221;][vc_button title=&#8221;Get Offer Now&#8221; color=&#8221;ghost&#8221; margin_top=&#8221;0&#8243; margin_bottom=&#8221;0&#8243; link=&#8221;url:http%3A%2F%2Fmagmatherm.com%2Fen%2Ffind-your-model|||&#8221; el_class=&#8221;right&#8221;][\/vc_column][\/vc_row][vc_row row_type=&#8221;row_full_center_content&#8221; bg_position=&#8221;center center&#8221; padding_top=&#8221;60&#8243; padding_bottom=&#8221;60&#8243;][vc_column]\n\t<div class=\"custom-heading wpb_content_element  text-center\">\n\t\t<h2 class=\"heading-title\" >MagmaTherm Laboratory Furnaces<\/h2>\n\t\t<span class=\"heading-line primary\"><\/span>\n\t<\/div>[\/vc_column][vc_column width=&#8221;1\/3&#8243;][vc_column_text css=&#8221;.vc_custom_1506638241518{margin-top: 20px !important;}&#8221;]<\/p>\n<h3 style=\"text-align: center;\"><i class=\"fa fa-check-square-o\" style=\"font-size: 30px; color: #ecb504;\" aria-hidden=\"true\"><\/i> Easy-to-Use Menu<\/h3>\n<p>[\/vc_column_text][\/vc_column][vc_column width=&#8221;1\/3&#8243;][vc_column_text css=&#8221;.vc_custom_1506638220975{margin-top: 20px !important;}&#8221;]<\/p>\n<h3 style=\"text-align: center;\"><i class=\"fa fa-check-square-o\" style=\"font-size: 30px; color: #ecb504;\" aria-hidden=\"true\"><\/i> Original Design and Software<\/h3>\n<p>[\/vc_column_text][\/vc_column][vc_column width=&#8221;1\/3&#8243;][vc_column_text css=&#8221;.vc_custom_1506638259183{margin-top: 20px !important;}&#8221;]<\/p>\n<h3 style=\"text-align: center;\"><i class=\"fa fa-check-square-o\" style=\"font-size: 30px; color: #ecb504;\" aria-hidden=\"true\"><\/i> Durable and Long Life<\/h3>\n<p>[\/vc_column_text][\/vc_column][vc_column css=&#8221;.vc_custom_1501530265763{margin-top: 10px !important;}&#8221;][vc_single_image image=&#8221;5489&#8243; img_size=&#8221;835&#215;355&#8243; alignment=&#8221;center&#8221; onclick=&#8221;custom_link&#8221; css=&#8221;.vc_custom_1649418439964{margin-top: -20px !important;}&#8221; link=&#8221;\/\/magmatherm.com\/en\/products\/&#8221;][\/vc_column][vc_column width=&#8221;1\/3&#8243;][vc_column_text css=&#8221;.vc_custom_1506638294546{margin-top: 20px !important;}&#8221;]<\/p>\n<h3 style=\"text-align: center;\"><i class=\"fa fa-check-square-o\" style=\"font-size: 30px; color: #ecb504;\" aria-hidden=\"true\"><\/i> Reliable and Consistent<\/h3>\n<p>[\/vc_column_text][\/vc_column][vc_column width=&#8221;1\/3&#8243;][vc_column_text css=&#8221;.vc_custom_1506638276252{margin-top: 20px !important;}&#8221;]<\/p>\n<h3 style=\"text-align: center;\"><i class=\"fa fa-check-square-o\" style=\"font-size: 30px; color: #ecb504;\" aria-hidden=\"true\"><\/i> Precision Temperature Control<\/h3>\n<p>[\/vc_column_text][\/vc_column][vc_column width=&#8221;1\/3&#8243;][vc_column_text css=&#8221;.vc_custom_1506638308331{margin-top: 20px !important;}&#8221;]<\/p>\n<h3 style=\"text-align: center;\"><i class=\"fa fa-check-square-o\" style=\"font-size: 30px; color: #ecb504;\" aria-hidden=\"true\"><\/i>\u00a0Competitive Prices<\/h3>\n<p>[\/vc_column_text][\/vc_column][\/vc_row][vc_row row_type=&#8221;row_full_center_content&#8221; bg_color=&#8221;#fab702&#8243; padding_top=&#8221;20&#8243; padding_bottom=&#8221;20&#8243;][vc_column width=&#8221;1\/2&#8243; el_class=&#8221;mobile-center&#8221;][vc_column_text]<\/p>\n<h3 align=\"left\"><span style=\"color: #ffffff; display: block; margin-top: 2px;\">To reach the catalog and products &#8230;<\/span><\/h3>\n<p>[\/vc_column_text][\/vc_column][vc_column width=&#8221;1\/2&#8243; el_class=&#8221;mobile-center&#8221;][vc_button title=&#8221;Go to Products&#8221; margin_top=&#8221;0&#8243; margin_bottom=&#8221;0&#8243; link=&#8221;url:http%3A%2F%2Fmagmatherm.com%2Fen%2Fproducts|||&#8221; el_class=&#8221;right&#8221;][vc_button title=&#8221;Go to Catalog&#8221; margin_top=&#8221;0&#8243; margin_bottom=&#8221;0&#8243; link=&#8221;url:%2F%2Fmagmatherm.com%2Fcatalogs%2Fmagmatherm-lab-furnaces-2022.pdf|target:_blank|rel:nofollow&#8221; el_class=&#8221;right&#8221;][\/vc_column][\/vc_row][vc_row row_type=&#8221;row_full_center_content&#8221; bg_color=&#8221;#ffffff&#8221; bg_position=&#8221;center top&#8221; padding_top=&#8221;70&#8243; padding_bottom=&#8221;50&#8243; class=&#8221;mobile-no-margin-top inverted-row&#8221;][vc_column width=&#8221;1\/3&#8243; css=&#8221;.vc_custom_1502108003725{margin-top: 7.2px !important;}&#8221;][vc_column_text css=&#8221;.vc_custom_1503368805161{margin-top: -30px !important;}&#8221;]<\/p>\n<div class=\"featured-box-thumb\"><a class=\"popup-video\" href=\"https:\/\/www.youtube.com\/watch?v=3_hK4A9Sx9U\"><br \/>\n<img decoding=\"async\" src=\"\/\/magmatherm.com\/wp-content\/uploads\/2015\/03\/tetraisi-video.jpg\" \/><\/a><\/div>\n<p>[\/vc_column_text][vc_column_text css=&#8221;.vc_custom_1506640290750{margin-top: -30px !important;}&#8221;]<\/p>\n<h3 style=\"text-align: center;\"><strong>Tetra Is\u0131 Systems<\/strong><\/h3>\n<p>[\/vc_column_text][vc_column_text css=&#8221;.vc_custom_1506640274015{margin-top: -30px !important;}&#8221;]<\/p>\n<p align=\"justify\">Tetra Is\u0131 Systems Industry and Trade Limited Company passed the activity in 2010. Focusing on electronic temperature controlled products while&#8230;<\/p>\n<p>[\/vc_column_text][vc_column_text css=&#8221;.vc_custom_1506638522985{margin-top: -30px !important;}&#8221;]<\/p>\n<div class=\"featured-box-button\"><a href=\"\/\/magmatherm.com\/en\/who-are-we\">READ MORE<\/a><\/div>\n<p>[\/vc_column_text][\/vc_column][vc_column width=&#8221;1\/3&#8243;][vc_single_image image=&#8221;5491&#8243; img_size=&#8221;full&#8221; alignment=&#8221;center&#8221; style=&#8221;vc_box_shadow&#8221; onclick=&#8221;custom_link&#8221; link=&#8221;\/\/magmatherm.com\/magmatherm&#8221;][vc_column_text css=&#8221;.vc_custom_1505130778489{margin-top: -30px !important;}&#8221;]<\/p>\n<h3 style=\"text-align: center;\"><strong>MagmaTherm<\/strong><\/h3>\n<p>[\/vc_column_text][vc_column_text css=&#8221;.vc_custom_1506640513059{margin-top: -30px !important;}&#8221;]<\/p>\n<p align=\"justify\">MagmaTherm engineers only design, research and develop to produce excellent products. MagmaTherm furnaces features stable software and hardware&#8230;<\/p>\n<p>[\/vc_column_text][vc_column_text css=&#8221;.vc_custom_1506638559897{margin-top: -30px !important;}&#8221;]<\/p>\n<div class=\"featured-box-button\"><a href=\"\/\/magmatherm.com\/en\/magmatherm\">READ MORE<\/a><\/div>\n<p>[\/vc_column_text][\/vc_column][vc_column width=&#8221;1\/3&#8243;][vc_single_image image=&#8221;5493&#8243; img_size=&#8221;full&#8221; alignment=&#8221;center&#8221; style=&#8221;vc_box_shadow&#8221; onclick=&#8221;custom_link&#8221; link=&#8221;\/\/magmatherm.com\/en\/service&#8221;][vc_column_text css=&#8221;.vc_custom_1506640313913{margin-top: -30px !important;}&#8221;]<\/p>\n<h3 style=\"text-align: center;\"><strong>Support and Periodic Maintenance<\/strong><\/h3>\n<p>[\/vc_column_text][vc_column_text css=&#8221;.vc_custom_1506640646788{margin-top: -30px !important;}&#8221;]<\/p>\n<p align=\"justify\">Tetra Is\u0131 Systems can provide quick technical support for laboratory furnaces, muffle furnaces, including its own brand MagmaTherm, as well as maintenance&#8230;<\/p>\n<p>[\/vc_column_text][vc_column_text css=&#8221;.vc_custom_1506638589454{margin-top: -30px !important;}&#8221;]<\/p>\n<div class=\"featured-box-button\"><a href=\"\/\/magmatherm.com\/en\/service\">READ MORE<\/a><\/div>\n<p>[\/vc_column_text][\/vc_column][\/vc_row][vc_row row_type=&#8221;row_full_center_content&#8221; row_meta_color=&#8221;false&#8221; padding_top=&#8221;50&#8243; padding_bottom=&#8221;30&#8243;][vc_column]\n\t<div class=\"custom-heading wpb_content_element \">\n\t\t<h2 class=\"heading-title\" >Lastest News<\/h2>\n\t\t<span class=\"heading-line primary\"><\/span>\n\t<\/div>\n\t<div class=\"child-page-wrapper recent-news-wrapper \">\n\t\t\t\t\t<script type=\"text\/javascript\">\n\t\t\t\t\t\tjQuery(document).ready(function(){\n\t\t\t\t\t\t\t\"use strict\";\n\t\t\t\t\t\t\tjQuery(\".recent-news-carousel-69f2058fd5120\").slick({\n\t\t\t\t\t\t\t\trtl: false,\n\t\t\t\t\t\t\t\tslidesToShow: 3,\n\t\t\t\t\t\t\t\tautoplay: false ,\n\t\t                        autoplaySpeed: 3000 ,\n\t\t                        speed: 300 ,\n\t\t\t\t\t\t\t\tslidesToScroll: 1,\n\t\t\t\t\t\t\t\tdraggable: false,\n\t\t\t\t\t\t\t\tprevArrow: \"<span class='carousel-prev'><i class='fa fa-angle-left'><\/i><\/span>\",\n\t\t        \t\t\t\tnextArrow: \"<span class='carousel-next'><i class='fa fa-angle-right'><\/i><\/span>\",\n\t\t        \t\t\t\tresponsive: [{\n\t\t\t\t\t\t\t\t    breakpoint: 1024,\n\t\t\t\t\t\t\t\t    settings: {\n\t\t\t\t\t\t\t\t    slidesToShow: 3\n\t\t\t\t\t\t\t\t    }\n\t\t\t\t\t\t\t\t},\n\t\t\t\t\t\t\t\t{\n\t\t\t\t\t\t\t\t    breakpoint: 600,\n\t\t\t\t\t\t\t\t    settings: {\n\t\t\t\t\t\t\t\t    slidesToShow: 2\n\t\t\t\t\t\t\t\t    }\n\t\t\t\t\t\t\t\t},\n\t\t\t\t\t\t\t\t{\n\t\t\t\t\t\t\t\t    breakpoint: 480,\n\t\t\t\t\t\t\t\t    settings: {\n\t\t\t\t\t\t\t\t    slidesToShow: 1\n\t\t\t\t\t\t\t\t    }\n\t\t\t\t\t\t\t\t}]\n\t\t\t\t\t\t\t});\n\t\t\t\t\t\t});\n\t\t\t\t\t<\/script>\n\t\t\t\t<div class=\"grid-wrapper grid-3-columns grid-row recent-news-carousel-69f2058fd5120\">\n\t\t\t\t\t<div class=\"grid-item grid-sm-6 grid-md-4\">\n\t\t\t\t\t\t<div class=\"grid-thumbnail\">\n\t\t\t\t\t\t\t<a href=\"https:\/\/magmatherm.com\/en\/we-are-at-ceramitec-2018\/\" title=\"We are at Ceramitec 2018\"><img loading=\"lazy\" decoding=\"async\" width=\"600\" height=\"300\" src=\"https:\/\/magmatherm.com\/wp-content\/uploads\/2018\/03\/ceramitec-600x300.jpg\" class=\"attachment-medium-thumb size-medium-thumb wp-post-image\" alt=\"ceramitec\" srcset=\"https:\/\/magmatherm.com\/wp-content\/uploads\/2018\/03\/ceramitec-600x300.jpg 600w, https:\/\/magmatherm.com\/wp-content\/uploads\/2018\/03\/ceramitec-400x200.jpg 400w, https:\/\/magmatherm.com\/wp-content\/uploads\/2018\/03\/ceramitec-800x400.jpg 800w\" sizes=\"auto, (max-width: 600px) 100vw, 600px\" \/><\/a>\n\t\t\t\t\t\t<\/div>\n\t\t\t\t\t\t<h4 class=\"grid-title\"><a href=\"https:\/\/magmatherm.com\/en\/we-are-at-ceramitec-2018\/\" rel=\"bookmark\">We are at Ceramitec 2018<\/a><\/h4>\n\n\t\t\t\t\t\t<div class=\"recent-news-meta\">\n\t\t\t\t\t\t\t<span class=\"post-date\"><i class=\"fa fa-file-text-o\"><\/i> <time class=\"entry-date published updated\" datetime=\"2018-03-12T23:11:36+03:00\">12 March 2018<\/time><\/span>\n\t\t\t\t\t\t\t<span class=\"comments-link\"><i class=\"fa fa-comments-o\"><\/i> Comments off.<\/span>\n\t\t\t\t\t\t<\/div>\n\n\t\t\t\t\t\t<p>We are at Ceramite Fair in Munich, Germany from 10-13 April this year. We look forward to your visit to Hol ...<\/p>\n\n\t\t\t\t\t\t<a class=\"btn btn-light btn-small\" href=\"https:\/\/magmatherm.com\/en\/we-are-at-ceramitec-2018\/\" title=\"We are at Ceramitec 2018\">Read More<\/a>\n\n\t\t\t\t\t<\/div>\n\t\t\t\t\t\n\t\t\t\t\t<div class=\"grid-item grid-sm-6 grid-md-4\">\n\t\t\t\t\t\t<div class=\"grid-thumbnail\">\n\t\t\t\t\t\t\t<a href=\"https:\/\/magmatherm.com\/en\/how-to-choose-a-laboratory-furnace\/\" title=\"How to choose a Laboratory Furnace?\"><img loading=\"lazy\" decoding=\"async\" width=\"600\" height=\"300\" src=\"https:\/\/magmatherm.com\/wp-content\/uploads\/2017\/05\/002_2553-1-600x300.jpg\" class=\"attachment-medium-thumb size-medium-thumb wp-post-image\" alt=\"Lab F\u0131r\u0131n\u0131\" srcset=\"https:\/\/magmatherm.com\/wp-content\/uploads\/2017\/05\/002_2553-1-600x300.jpg 600w, https:\/\/magmatherm.com\/wp-content\/uploads\/2017\/05\/002_2553-1-400x200.jpg 400w, https:\/\/magmatherm.com\/wp-content\/uploads\/2017\/05\/002_2553-1-800x400.jpg 800w\" sizes=\"auto, (max-width: 600px) 100vw, 600px\" \/><\/a>\n\t\t\t\t\t\t<\/div>\n\t\t\t\t\t\t<h4 class=\"grid-title\"><a href=\"https:\/\/magmatherm.com\/en\/how-to-choose-a-laboratory-furnace\/\" rel=\"bookmark\">How to choose a Laboratory Furnace?<\/a><\/h4>\n\n\t\t\t\t\t\t<div class=\"recent-news-meta\">\n\t\t\t\t\t\t\t<span class=\"post-date\"><i class=\"fa fa-file-text-o\"><\/i> <time class=\"entry-date published updated\" datetime=\"2017-05-27T20:00:40+03:00\">27 May 2017<\/time><\/span>\n\t\t\t\t\t\t\t<span class=\"comments-link\"><i class=\"fa fa-comments-o\"><\/i> Comments off.<\/span>\n\t\t\t\t\t\t<\/div>\n\n\t\t\t\t\t\t<p>The most important factor determining the choice of Laboratory furnace (Ash Furnace\u00a0\/\u00a0Muffle Furnace\u00a0\/\u00a0Chamber Furnace) is purpose of use the furnace. Purpose ...<\/p>\n\n\t\t\t\t\t\t<a class=\"btn btn-light btn-small\" href=\"https:\/\/magmatherm.com\/en\/how-to-choose-a-laboratory-furnace\/\" title=\"How to choose a Laboratory Furnace?\">Read More<\/a>\n\n\t\t\t\t\t<\/div>\n\t\t\t\t\t\n\t\t\t\t\t<div class=\"grid-item grid-sm-6 grid-md-4\">\n\t\t\t\t\t\t<div class=\"grid-thumbnail\">\n\t\t\t\t\t\t\t<a href=\"https:\/\/magmatherm.com\/en\/usage-areas-laboratory-furnaces\/\" title=\"Usage Areas of Laboratory Furnaces\"><img loading=\"lazy\" decoding=\"async\" width=\"600\" height=\"300\" src=\"https:\/\/magmatherm.com\/wp-content\/uploads\/2017\/05\/laborotuvar-firinlari-kullanim-alanlari-600x300.jpg\" class=\"attachment-medium-thumb size-medium-thumb wp-post-image\" alt=\"Laborotuvar F\u0131r\u0131nlar\u0131 Kullan\u0131m Alanlar\u0131\" srcset=\"https:\/\/magmatherm.com\/wp-content\/uploads\/2017\/05\/laborotuvar-firinlari-kullanim-alanlari-600x300.jpg 600w, https:\/\/magmatherm.com\/wp-content\/uploads\/2017\/05\/laborotuvar-firinlari-kullanim-alanlari-300x150.jpg 300w, https:\/\/magmatherm.com\/wp-content\/uploads\/2017\/05\/laborotuvar-firinlari-kullanim-alanlari-768x384.jpg 768w, https:\/\/magmatherm.com\/wp-content\/uploads\/2017\/05\/laborotuvar-firinlari-kullanim-alanlari-400x200.jpg 400w, https:\/\/magmatherm.com\/wp-content\/uploads\/2017\/05\/laborotuvar-firinlari-kullanim-alanlari.jpg 800w\" sizes=\"auto, (max-width: 600px) 100vw, 600px\" \/><\/a>\n\t\t\t\t\t\t<\/div>\n\t\t\t\t\t\t<h4 class=\"grid-title\"><a href=\"https:\/\/magmatherm.com\/en\/usage-areas-laboratory-furnaces\/\" rel=\"bookmark\">Usage Areas of Laboratory Furnaces<\/a><\/h4>\n\n\t\t\t\t\t\t<div class=\"recent-news-meta\">\n\t\t\t\t\t\t\t<span class=\"post-date\"><i class=\"fa fa-file-text-o\"><\/i> <time class=\"entry-date published updated\" datetime=\"2017-05-27T19:50:57+03:00\">27 May 2017<\/time><\/span>\n\t\t\t\t\t\t\t<span class=\"comments-link\"><i class=\"fa fa-comments-o\"><\/i> Comments off.<\/span>\n\t\t\t\t\t\t<\/div>\n\n\t\t\t\t\t\t<p>Laboratory Type Furnaces (Chamber Furnaces \/ Ash Furnaces) are used for the heating of small pieces to high temperatures, mostly in ...<\/p>\n\n\t\t\t\t\t\t<a class=\"btn btn-light btn-small\" href=\"https:\/\/magmatherm.com\/en\/usage-areas-laboratory-furnaces\/\" title=\"Usage Areas of Laboratory Furnaces\">Read More<\/a>\n\n\t\t\t\t\t<\/div>\n\t\t\t\t\t\n\t\t\t\t<\/div>\n\t<\/div>[\/vc_column][\/vc_row][vc_row row_type=&#8221;row_full_center_content&#8221; margin_bottom=&#8221;60px&#8221; padding_top=&#8221;60&#8243;][vc_column]\n\t<div class=\"custom-heading wpb_content_element \">\n\t\t<h2 class=\"heading-title\" >Some References<\/h2>\n\t\t<span class=\"heading-line primary\"><\/span>\n\t<\/div>[vc_column_text]<\/p>\n<table class=\"client-table\">\n<tbody>\n<tr>\n<td><a href=\"\/\/magmatherm.com\/en\/references\/\"><img decoding=\"async\" src=\"\/\/magmatherm.com\/wp-content\/uploads\/2017\/05\/toyota-logo.jpg\" alt=\"Toyota\" \/><\/a><\/td>\n<td><a href=\"\/\/magmatherm.com\/en\/references\/\"><img decoding=\"async\" src=\"\/\/magmatherm.com\/wp-content\/uploads\/2017\/05\/ege-seramik-logo.jpg\" alt=\"Ege Seramik\" \/><\/a><\/td>\n<td><a href=\"\/\/magmatherm.com\/en\/references\/\"><img decoding=\"async\" src=\"\/\/magmatherm.com\/wp-content\/uploads\/2017\/05\/mylan-logo.jpg\" alt=\"Mylan\" \/><\/a><\/td>\n<td><a href=\"\/\/magmatherm.com\/en\/references\/\"><img decoding=\"async\" src=\"\/\/magmatherm.com\/wp-content\/uploads\/2017\/05\/erdemir-logo.jpg\" alt=\"Erdemir\" \/><\/a><\/td>\n<td><a href=\"\/\/magmatherm.com\/en\/references\/\"><img decoding=\"async\" src=\"\/\/magmatherm.com\/wp-content\/uploads\/2017\/05\/UAEU-logo.jpg\" alt=\"UAEU\" \/><\/a><\/td>\n<td><a href=\"\/\/magmatherm.com\/en\/references\/\"><img decoding=\"async\" src=\"\/\/magmatherm.com\/wp-content\/uploads\/2017\/05\/odtu-metu-logo.jpg\" alt=\"ODT\u00dc\" \/><\/a><\/td>\n<\/tr>\n<\/tbody>\n<\/table>\n<p>[\/vc_column_text][\/vc_column][\/vc_row]<\/p>\n","protected":false},"excerpt":{"rendered":"<p>[vc_row row_type=&#8221;row_fullwidth_content&#8221; bg_color=&#8221;#333333&#8243; row_text_color=&#8221;row_text_light&#8221; margin_top=&#8221;-40&#8243; padding_top=&#8221;0&#8243; padding_bottom=&#8221;0&#8243; class=&#8221;fit-screen&#8221;][vc_column][rev_slider_vc alias=&#8221;slider-en&#8221;][\/vc_column][\/vc_row][vc_row row_type=&#8221;row_full_center_content&#8221; bg_color=&#8221;#fab702&#8243; padding_top=&#8221;20&#8243; padding_bottom=&#8221;20&#8243;][vc_column width=&#8221;3\/4&#8243; el_class=&#8221;mobile-center&#8221;][vc_column_text] For more detailed information about our &#8230;<\/p>\n","protected":false},"author":1,"featured_media":0,"parent":0,"menu_order":0,"comment_status":"closed","ping_status":"closed","template":"","meta":{"footnotes":""},"yst_prominent_words":[],"class_list":["post-1568","page","type-page","status-publish","hentry"],"_links":{"self":[{"href":"https:\/\/magmatherm.com\/en\/wp-json\/wp\/v2\/pages\/1568","targetHints":{"allow":["GET"]}}],"collection":[{"href":"https:\/\/magmatherm.com\/en\/wp-json\/wp\/v2\/pages"}],"about":[{"href":"https:\/\/magmatherm.com\/en\/wp-json\/wp\/v2\/types\/page"}],"author":[{"embeddable":true,"href":"https:\/\/magmatherm.com\/en\/wp-json\/wp\/v2\/users\/1"}],"replies":[{"embeddable":true,"href":"https:\/\/magmatherm.com\/en\/wp-json\/wp\/v2\/comments?post=1568"}],"version-history":[{"count":5,"href":"https:\/\/magmatherm.com\/en\/wp-json\/wp\/v2\/pages\/1568\/revisions"}],"predecessor-version":[{"id":5495,"href":"https:\/\/magmatherm.com\/en\/wp-json\/wp\/v2\/pages\/1568\/revisions\/5495"}],"wp:attachment":[{"href":"https:\/\/magmatherm.com\/en\/wp-json\/wp\/v2\/media?parent=1568"}],"wp:term":[{"taxonomy":"yst_prominent_words","embeddable":true,"href":"https:\/\/magmatherm.com\/en\/wp-json\/wp\/v2\/yst_prominent_words?post=1568"}],"curies":[{"name":"wp","href":"https:\/\/api.w.org\/{rel}","templated":true}]}}