{"id":1412,"date":"2017-05-30T16:35:33","date_gmt":"2017-05-30T13:35:33","guid":{"rendered":"http:\/\/magmatherm.com\/?page_id=1412\/"},"modified":"2020-04-21T20:27:29","modified_gmt":"2020-04-21T17:27:29","slug":"references","status":"publish","type":"page","link":"https:\/\/magmatherm.com\/en\/references\/","title":{"rendered":"References"},"content":{"rendered":"<p>[vc_row margin_top=&#8221;-15px&#8221;][vc_column][vc_column_text]<\/p>\n<table class=\"client-table\">\n<tbody>\n<tr>\n<td><a href=\"#\"><img decoding=\"async\" src=\"\/\/magmatherm.com\/wp-content\/uploads\/2017\/05\/akis-boya-logo.jpg\" alt=\"Aki\u015f Boya\" \/><\/a><\/td>\n<td><a href=\"#\"><img decoding=\"async\" src=\"\/\/magmatherm.com\/wp-content\/uploads\/2017\/05\/yalova-universitesi-logo.jpg\" alt=\"Yalova \u00dcniversitesi\" \/><\/a><\/td>\n<td><a href=\"#\"><img decoding=\"async\" src=\"\/\/magmatherm.com\/wp-content\/uploads\/2017\/05\/itu-logo.jpg\" alt=\"\u0130stanbul Teknik \u00dcniversitesi\" \/><\/a><\/td>\n<td><a href=\"#\"><img decoding=\"async\" src=\"\/\/magmatherm.com\/wp-content\/uploads\/2017\/05\/toprak-ilac.jpg\" alt=\"Toprak \u0130la\u00e7\" \/><\/a><\/td>\n<td><a href=\"#\"><img decoding=\"async\" src=\"\/\/magmatherm.com\/wp-content\/uploads\/2017\/05\/firat-universitesi.jpg\" alt=\"F\u0131rat \u00dcniversitesi\" \/><\/a><\/td>\n<td><a href=\"#\"><img decoding=\"async\" src=\"\/\/magmatherm.com\/wp-content\/uploads\/2017\/05\/sabanci-universitesi-logo.jpg\" alt=\"Sabanc\u0131 \u00dcniversitesi\" \/><\/a><\/td>\n<\/tr>\n<tr>\n<td><a href=\"#\"><img decoding=\"async\" src=\"\/\/magmatherm.com\/wp-content\/uploads\/2017\/05\/wockhardt-logo.jpg\" alt=\"Wockhardt\" \/><\/a><\/td>\n<td><a href=\"#\"><img decoding=\"async\" src=\"\/\/magmatherm.com\/wp-content\/uploads\/2017\/05\/ege-seramik-logo.jpg\" alt=\"Ege Seramik\" \/><\/a><\/td>\n<td><a href=\"#\"><img decoding=\"async\" src=\"\/\/magmatherm.com\/wp-content\/uploads\/2017\/05\/yildiz-teknik-universitesi-logo.jpg\" alt=\"Y\u0131ld\u0131z Teknik \u00dcniversitesi\" \/><\/a><\/td>\n<td><a href=\"#\"><img decoding=\"async\" src=\"\/\/magmatherm.com\/wp-content\/uploads\/2017\/05\/toyota-logo.jpg\" alt=\"Toyota\" \/><\/a><\/td>\n<td><a href=\"#\"><img decoding=\"async\" src=\"\/\/magmatherm.com\/wp-content\/uploads\/2017\/05\/odtu-metu-logo.jpg\" alt=\"ODT\u00dc METU\" \/><\/a><\/td>\n<td><a href=\"#\"><img decoding=\"async\" src=\"\/\/magmatherm.com\/wp-content\/uploads\/2017\/05\/UAEU-logo.jpg\" alt=\"United Arab Emirates University\" \/><\/a><\/td>\n<\/tr>\n<tr>\n<td><a href=\"#\"><img decoding=\"async\" src=\"\/\/magmatherm.com\/wp-content\/uploads\/2017\/05\/biruni-universitesi-logo.jpg\" alt=\"Biruni \u00dcniversitesi\" \/><\/a><\/td>\n<td><a href=\"#\"><img decoding=\"async\" src=\"\/\/magmatherm.com\/wp-content\/uploads\/2017\/05\/gebze-teknik-universitesi-logo.jpg\" alt=\"Civelek Porselen\" \/><\/a><\/td>\n<td><a href=\"#\"><img decoding=\"async\" src=\"\/\/magmatherm.com\/wp-content\/uploads\/2017\/05\/mta-logo.jpg\" alt=\"Maden Teknik Arama\" \/><\/a><\/td>\n<td><a href=\"#\"><img decoding=\"async\" src=\"\/\/magmatherm.com\/wp-content\/uploads\/2017\/05\/mylan-logo.jpg\" alt=\"Mylan\" \/><\/a><\/td>\n<td><a href=\"#\"><img decoding=\"async\" src=\"\/\/magmatherm.com\/wp-content\/uploads\/2017\/05\/dsi-logo.jpg\" alt=\"DS\u0130\" \/><\/a><\/td>\n<td><a href=\"#\"><img decoding=\"async\" src=\"\/\/magmatherm.com\/wp-content\/uploads\/2017\/05\/etapak-ambalaj.jpg\" alt=\"Etapak Ambalaj\" \/><\/a><\/td>\n<\/tr>\n<tr>\n<td><a href=\"#\"><img decoding=\"async\" src=\"\/\/magmatherm.com\/wp-content\/uploads\/2017\/05\/turk-seker-logo.jpg\" alt=\"T\u00fcrk \u015eeker Fabrikalar\u0131\" \/><\/a><\/td>\n<td><a href=\"#\"><img decoding=\"async\" src=\"\/\/magmatherm.com\/wp-content\/uploads\/2017\/05\/epsan-logo.jpg\" alt=\"Epsan\" \/><\/a><\/td>\n<td><a href=\"#\"><img decoding=\"async\" src=\"\/\/magmatherm.com\/wp-content\/uploads\/2017\/05\/seval-kablo-logo.jpg\" alt=\"Seval Kablo\" \/><\/a><\/td>\n<td><a href=\"#\"><img decoding=\"async\" src=\"\/\/magmatherm.com\/wp-content\/uploads\/2017\/05\/icme-ecab-sa.jpg\" alt=\"ICME ECAB S.A\" \/><\/a><\/td>\n<td><a href=\"#\"><img decoding=\"async\" src=\"\/\/magmatherm.com\/wp-content\/uploads\/2017\/05\/hascelik-logo.jpg\" alt=\"Has \u00c7elik\" \/><\/a><\/td>\n<td><a href=\"#\"><img decoding=\"async\" src=\"\/\/magmatherm.com\/wp-content\/uploads\/2017\/05\/erdemir-logo.jpg\" alt=\"Erdemir\" \/><\/a><\/td>\n<\/tr>\n<tr>\n<td><a href=\"#\"><img decoding=\"async\" src=\"\/\/magmatherm.com\/wp-content\/uploads\/2017\/05\/karabuk-universitesi-logo.jpg\" alt=\"Karab\u00fck \u00dcniversitesi\" \/><\/a><\/td>\n<td><a href=\"#\"><img decoding=\"async\" src=\"\/\/magmatherm.com\/wp-content\/uploads\/2017\/05\/bagfas-logo.jpg\" alt=\"Bagfa\u015f\" \/><\/a><\/td>\n<td><a href=\"#\"><img decoding=\"async\" src=\"\/\/magmatherm.com\/wp-content\/uploads\/2017\/05\/gema-polimer-logo.jpg\" alt=\"Gema Polimer\" \/><\/a><\/td>\n<td><a href=\"#\"><img decoding=\"async\" src=\"\/\/magmatherm.com\/wp-content\/uploads\/2017\/05\/mlsgmbh-logo.jpg\" alt=\"MLS Gbmh\" \/><\/a><\/td>\n<td><a href=\"#\"><img decoding=\"async\" src=\"\/\/magmatherm.com\/wp-content\/uploads\/2017\/05\/ASCM-logo.jpg\" alt=\"ASCOM\" \/><\/a><\/td>\n<td><a href=\"#\"><img decoding=\"async\" src=\"\/\/magmatherm.com\/wp-content\/uploads\/2017\/05\/bilecik-seyh-edabali-universitesi-logo.jpg\" alt=\"Bilecik \u015eeyh Edabali \u00dcniversitesi\" \/><\/a><\/td>\n<\/tr>\n<tr>\n<td><a href=\"#\"><img decoding=\"async\" src=\"\/\/magmatherm.com\/wp-content\/uploads\/2017\/05\/itc-logo.jpg\" alt=\"\u0130TC\" \/><\/a><\/td>\n<td><a href=\"#\"><img decoding=\"async\" src=\"\/\/magmatherm.com\/wp-content\/uploads\/2017\/05\/iston-logo.jpg\" alt=\"Iston\" \/><\/a><\/td>\n<td><a href=\"#\"><img decoding=\"async\" src=\"\/\/magmatherm.com\/wp-content\/uploads\/2017\/06\/ege-universitesi.jpg\" alt=\"Ege \u00dcniversitesi\" \/><\/a><\/td>\n<td><a href=\"#\"><img decoding=\"async\" src=\"\/\/magmatherm.com\/wp-content\/uploads\/2017\/06\/gf-hakan-plastik.jpg\" alt=\"Hakan Plastik\" \/><\/a><\/td>\n<td><a href=\"#\"><img decoding=\"async\" src=\"\/\/magmatherm.com\/wp-content\/uploads\/2017\/06\/selcuk-universitesi.jpg\" alt=\"Sel\u00e7uk\" \/><\/a><\/td>\n<td><a href=\"#\"><img decoding=\"async\" src=\"\/\/magmatherm.com\/wp-content\/uploads\/2017\/06\/setas-color-center.jpg\" alt=\"Seta\u015f\" \/><\/a><\/td>\n<\/tr>\n<\/tbody>\n<\/table>\n<p>[\/vc_column_text][\/vc_column][\/vc_row][vc_row margin_top=&#8221;-15px&#8221;][vc_column][vc_column_text]<\/p>\n<h1><strong>Fairs<\/strong><\/h1>\n<p>[\/vc_column_text][\/vc_column][\/vc_row][vc_row margin_top=&#8221;-15px&#8221;][vc_column][vc_column_text]<\/p>\n<table class=\"client-table\">\n<tbody>\n<tr>\n<td><a href=\"#\"><img decoding=\"async\" src=\"\/\/magmatherm.com\/wp-content\/uploads\/2017\/10\/achema-2018.jpg\" alt=\"Achema\" \/><\/a><\/td>\n<td><a href=\"#\"><img decoding=\"async\" src=\"\/\/magmatherm.com\/wp-content\/uploads\/2017\/10\/idma-2017.jpg\" alt=\"\u0130DMA\" \/><\/a><\/td>\n<td><a href=\"#\"><img decoding=\"async\" src=\"\/\/magmatherm.com\/wp-content\/uploads\/2017\/10\/analytech.jpg\" alt=\"Analytech\" \/><\/a><\/td>\n<td><a href=\"#\"><img decoding=\"async\" src=\"\/\/magmatherm.com\/wp-content\/uploads\/2017\/10\/analitika-expo.jpg\" alt=\"Analitika Expo\" \/><\/a><\/td>\n<td><a href=\"#\"><img decoding=\"async\" src=\"\/\/magmatherm.com\/wp-content\/uploads\/2017\/10\/arablab-2017.jpg\" alt=\"Arab Lab\" \/><\/a><\/td>\n<td><a href=\"#\"><img decoding=\"async\" src=\"\/\/magmatherm.com\/wp-content\/uploads\/2017\/10\/chem-show.jpg\" alt=\"CEM SHOW EUROSIA\" \/><\/a><\/td>\n<\/tr>\n<tr>\n<td><a href=\"#\"><img decoding=\"async\" src=\"\/\/magmatherm.com\/wp-content\/uploads\/2017\/10\/ankiros-2016.jpg\" alt=\"Ankiros\" \/><\/a><\/td>\n<td><a href=\"#\"><img decoding=\"async\" src=\"\/\/magmatherm.com\/wp-content\/uploads\/2017\/10\/analytica-2016.jpg\" alt=\"Analytica\" \/><\/a><\/td>\n<td><a href=\"#\"><img decoding=\"async\" src=\"\/\/magmatherm.com\/wp-content\/uploads\/2017\/10\/arab-lab-2016.jpg\" alt=\"Arab Lab\" \/><\/a><\/td>\n<td><a href=\"#\"><img decoding=\"async\" src=\"\/\/magmatherm.com\/wp-content\/uploads\/2017\/10\/lab-asia.jpg\" alt=\"Lab Asia\" \/><\/a><\/td>\n<td><a href=\"#\"><img decoding=\"async\" src=\"\/\/magmatherm.com\/wp-content\/uploads\/2017\/10\/achema-2015.jpg\" alt=\"Achema\" \/><\/a><\/td>\n<td><a href=\"#\"><img decoding=\"async\" src=\"\/\/magmatherm.com\/wp-content\/uploads\/2017\/10\/arablab-2014.jpg\" alt=\"Arab Lab\" \/><\/a><\/td>\n<\/tr>\n<tr>\n<td><a href=\"#\"><img decoding=\"async\" src=\"\/\/magmatherm.com\/wp-content\/uploads\/2017\/10\/analytica-2014.jpg\" alt=\"Analytica\" \/><\/a><\/td>\n<td><a href=\"#\"><img decoding=\"async\" src=\"\/\/magmatherm.com\/wp-content\/uploads\/2017\/10\/labtech.jpg\" alt=\"Labtech\" \/><\/a><\/td>\n<td><a href=\"#\"><img decoding=\"async\" src=\"\/\/magmatherm.com\/wp-content\/uploads\/2017\/10\/achema-2012.jpg\" alt=\"Achema\" \/><\/a><\/td>\n<td><a href=\"#\"><img decoding=\"async\" src=\"\/\/magmatherm.com\/wp-content\/uploads\/2017\/10\/analytica-2012.jpg\" alt=\"Analytica\" \/><\/a><\/td>\n<\/tr>\n<\/tbody>\n<\/table>\n<p>[\/vc_column_text][\/vc_column][\/vc_row][vc_row margin_top=&#8221;-15px&#8221;][vc_column][vc_column_text]<\/p>\n<table class=\"client-table\">\n<tbody>\n<tr>\n<td><a href=\"#\"><img decoding=\"async\" src=\"\/\/magmatherm.com\/wp-content\/uploads\/2017\/10\/immib.jpg\" alt=\"immib\" \/><\/a><\/td>\n<td><a href=\"#\"><img decoding=\"async\" src=\"\/\/magmatherm.com\/wp-content\/uploads\/2017\/10\/istanbul-chamber-of-commerce.jpg\" alt=\"istanbul chamber of commerce\" \/><\/a><\/td>\n<td><a href=\"#\"><img decoding=\"async\" src=\"\/\/magmatherm.com\/wp-content\/uploads\/2017\/10\/tubitak.jpg\" alt=\"Tubitak\" \/><\/a><\/td>\n<\/tr>\n<\/tbody>\n<\/table>\n<p>[\/vc_column_text][\/vc_column][\/vc_row]<\/p>\n","protected":false},"excerpt":{"rendered":"<p>[vc_row margin_top=&#8221;-15px&#8221;][vc_column][vc_column_text] [\/vc_column_text][\/vc_column][\/vc_row][vc_row margin_top=&#8221;-15px&#8221;][vc_column][vc_column_text] Fairs [\/vc_column_text][\/vc_column][\/vc_row][vc_row margin_top=&#8221;-15px&#8221;][vc_column][vc_column_text] [\/vc_column_text][\/vc_column][\/vc_row][vc_row margin_top=&#8221;-15px&#8221;][vc_column][vc_column_text] [\/vc_column_text][\/vc_column][\/vc_row]<\/p>\n","protected":false},"author":1,"featured_media":0,"parent":0,"menu_order":0,"comment_status":"closed","ping_status":"closed","template":"","meta":{"footnotes":""},"yst_prominent_words":[],"class_list":["post-1412","page","type-page","status-publish","hentry"],"_links":{"self":[{"href":"https:\/\/magmatherm.com\/en\/wp-json\/wp\/v2\/pages\/1412","targetHints":{"allow":["GET"]}}],"collection":[{"href":"https:\/\/magmatherm.com\/en\/wp-json\/wp\/v2\/pages"}],"about":[{"href":"https:\/\/magmatherm.com\/en\/wp-json\/wp\/v2\/types\/page"}],"author":[{"embeddable":true,"href":"https:\/\/magmatherm.com\/en\/wp-json\/wp\/v2\/users\/1"}],"replies":[{"embeddable":true,"href":"https:\/\/magmatherm.com\/en\/wp-json\/wp\/v2\/comments?post=1412"}],"version-history":[{"count":0,"href":"https:\/\/magmatherm.com\/en\/wp-json\/wp\/v2\/pages\/1412\/revisions"}],"wp:attachment":[{"href":"https:\/\/magmatherm.com\/en\/wp-json\/wp\/v2\/media?parent=1412"}],"wp:term":[{"taxonomy":"yst_prominent_words","embeddable":true,"href":"https:\/\/magmatherm.com\/en\/wp-json\/wp\/v2\/yst_prominent_words?post=1412"}],"curies":[{"name":"wp","href":"https:\/\/api.w.org\/{rel}","templated":true}]}}